{"id":1871,"date":"2015-04-02T15:13:36","date_gmt":"2015-04-02T13:13:36","guid":{"rendered":"https:\/\/larutadelsrefugis.cat\/itinerario\/"},"modified":"2023-04-11T10:16:08","modified_gmt":"2023-04-11T08:16:08","slug":"itinerario","status":"publish","type":"page","link":"https:\/\/larutadelsrefugis.cat\/es\/itinerario\/","title":{"rendered":"ITINERARIO"},"content":{"rendered":"<p>[et_pb_section fb_built=\u00bb1&#8243; fullwidth=\u00bbon\u00bb _builder_version=\u00bb4.16&#8243; global_colors_info=\u00bb{}\u00bb][et_pb_fullwidth_post_title title=\u00bboff\u00bb meta=\u00bboff\u00bb featured_placement=\u00bbbackground\u00bb _builder_version=\u00bb4.16&#8243; custom_padding=\u00bb400px|||\u00bb parallax_effect=\u00bboff\u00bb global_colors_info=\u00bb{}\u00bb][\/et_pb_fullwidth_post_title][et_pb_fullwidth_post_title meta=\u00bboff\u00bb featured_image=\u00bboff\u00bb _builder_version=\u00bb4.16&#8243; title_font=\u00bbAbel||||\u00bb title_font_size=\u00bb40px\u00bb custom_padding=\u00bb4%|||\u00bb global_colors_info=\u00bb{}\u00bb][\/et_pb_fullwidth_post_title][\/et_pb_section][et_pb_section fb_built=\u00bb1&#8243; _builder_version=\u00bb4.16&#8243; background_color=\u00bbrgba(255,255,255,0)\u00bb custom_padding=\u00bb0px|0px|54px|0px\u00bb transparent_background=\u00bbon\u00bb global_colors_info=\u00bb{}\u00bb][et_pb_row use_custom_gutter=\u00bbon\u00bb gutter_width=\u00bb4&#8243; module_class=\u00bb et_pb_row_fullwidth\u00bb _builder_version=\u00bb4.16&#8243; background_size=\u00bbinitial\u00bb background_position=\u00bbtop_left\u00bb background_repeat=\u00bbrepeat\u00bb width=\u00bb86%\u00bb width_tablet=\u00bb80%\u00bb width_phone=\u00bb80%\u00bb width_last_edited=\u00bbon|desktop\u00bb max_width=\u00bb86%\u00bb max_width_tablet=\u00bb80%\u00bb max_width_phone=\u00bb80%\u00bb max_width_last_edited=\u00bbon|desktop\u00bb custom_padding=\u00bb27px|0px|0px|0px\u00bb make_fullwidth=\u00bbon\u00bb global_colors_info=\u00bb{}\u00bb][et_pb_column type=\u00bb4_4&#8243; _builder_version=\u00bb4.16&#8243; custom_padding=\u00bb|||\u00bb global_colors_info=\u00bb{}\u00bb custom_padding__hover=\u00bb|||\u00bb][et_pb_text _builder_version=\u00bb4.16&#8243; global_colors_info=\u00bb{}\u00bb]<\/p>\n<p style=\"text-align: justify;\"><span style=\"color: #000000;\">Las posibilidades de realizar este itinerario son muy extensas. La ruta, dividida en cuatro etapas consecutivas, ofrece diferentes versiones seg\u00fan la conveniencia del visitante.<\/span><\/p>\n<p style=\"text-align: justify;\"><span style=\"color: #000000;\">Se puede realizar de forma seguida a lo largo de 4 d\u00edas, donde cada noche la pasar\u00e1 en un refugio diferente: LoRefugi, La Mussara, Mont-Ral y Prades Park. <\/span><\/p>\n<p style=\"text-align: justify;\"><span style=\"color: #000000;\"><strong>DESCRIPCI\u00d3N DE LAS ETAPAS:<\/strong><\/span><\/p>\n<p>[\/et_pb_text][\/et_pb_column][\/et_pb_row][et_pb_row column_structure=\u00bb1_2,1_2&#8243; _builder_version=\u00bb4.16&#8243; background_size=\u00bbinitial\u00bb background_position=\u00bbtop_left\u00bb background_repeat=\u00bbrepeat\u00bb global_colors_info=\u00bb{}\u00bb][et_pb_column type=\u00bb1_2&#8243; _builder_version=\u00bb4.16&#8243; custom_padding=\u00bb|||\u00bb global_colors_info=\u00bb{}\u00bb custom_padding__hover=\u00bb|||\u00bb][et_pb_text _builder_version=\u00bb4.20.1&#8243; global_colors_info=\u00bb{}\u00bb]<\/p>\n<p style=\"text-align: left;\"><span style=\"color: #000000;\"><strong>ETAPA 1:<\/strong> <strong>Cornudella de Montsant &#8211; La Mussara.<\/strong><\/span><\/p>\n<p style=\"text-align: center;\"><span style=\"color: #000000;\">Distancia: 22km<\/span><br \/><span style=\"color: #000000;\">Altura m\u00e1xima: 991m Altura m\u00ednima: 466m Desnivel positivo: 1047m<\/span><\/p>\n<p style=\"text-align: justify;\"><img loading=\"lazy\" decoding=\"async\" class=\"wp-image-1758 alignnone size-full\" src=\"https:\/\/larutadelsrefugis.cat\/wp-content\/uploads\/2023\/03\/grafica_etapa1_2023.png\" alt=\"\" width=\"1920\" height=\"950\" srcset=\"https:\/\/larutadelsrefugis.cat\/wp-content\/uploads\/2023\/03\/grafica_etapa1_2023.png 1920w, https:\/\/larutadelsrefugis.cat\/wp-content\/uploads\/2023\/03\/grafica_etapa1_2023-1280x633.png 1280w, https:\/\/larutadelsrefugis.cat\/wp-content\/uploads\/2023\/03\/grafica_etapa1_2023-980x485.png 980w, https:\/\/larutadelsrefugis.cat\/wp-content\/uploads\/2023\/03\/grafica_etapa1_2023-480x238.png 480w\" sizes=\"(min-width: 0px) and (max-width: 480px) 480px, (min-width: 481px) and (max-width: 980px) 980px, (min-width: 981px) and (max-width: 1280px) 1280px, (min-width: 1281px) 1920px, 100vw\" \/><\/p>\n<p style=\"text-align: justify;\"><span style=\"color: #000000;\">El recorrido de esta etapa es el m\u00e1s largo de la Ruta dels Refugis. Sin embargo, los parajes son espectaculares y las vistas maravillosas. En primer t\u00e9rmino, ascenderemos al pueblo de Siurana situado a 706m. Posteriormente bajaremos hacia el r\u00edo Siurana y lo iremos remontando hasta los refrescantes Gorgs, llegando as\u00ed al pueblo abandonado de Gallicant. Pasaremos por el antiguo campamento militar de Castillejos, tambi\u00e9n abandonado. Un paseo por la pista de Mas d&#8217;en Rei hasta pie de la Mussara, nos dar\u00e1 reposo para encarar la \u00faltima subida hasta el pueblo abandonado, a unos metros del refugio.<\/span><\/p>\n<p>[\/et_pb_text][\/et_pb_column][et_pb_column type=\u00bb1_2&#8243; _builder_version=\u00bb4.16&#8243; custom_padding=\u00bb|||\u00bb global_colors_info=\u00bb{}\u00bb custom_padding__hover=\u00bb|||\u00bb][et_pb_text _builder_version=\u00bb4.20.1&#8243; global_colors_info=\u00bb{}\u00bb]<\/p>\n<p style=\"text-align: justify;\"><strong style=\"color: #000000; font-size: 14px;\">ETAPA 2:<\/strong> <strong style=\"color: #000000; font-size: 14px;\">La Mussara &#8211; Mont-ral<\/strong><\/p>\n<p style=\"text-align: center;\"><span style=\"color: #000000;\">Distancia: 20km<\/span><br \/><span style=\"color: #000000;\">Altura m\u00e1xima: 967m Altura m\u00ednima: 307m Desnivel positivo: 1023m <\/span><\/p>\n<p style=\"text-align: justify;\"><span style=\"color: #000000;\"><img loading=\"lazy\" decoding=\"async\" class=\"wp-image-1752 alignnone size-full\" src=\"https:\/\/larutadelsrefugis.cat\/wp-content\/uploads\/2023\/03\/grafica_etapa2_2023.jpg\" alt=\"\" width=\"1920\" height=\"950\" srcset=\"https:\/\/larutadelsrefugis.cat\/wp-content\/uploads\/2023\/03\/grafica_etapa2_2023.jpg 1920w, https:\/\/larutadelsrefugis.cat\/wp-content\/uploads\/2023\/03\/grafica_etapa2_2023-1280x633.jpg 1280w, https:\/\/larutadelsrefugis.cat\/wp-content\/uploads\/2023\/03\/grafica_etapa2_2023-980x485.jpg 980w, https:\/\/larutadelsrefugis.cat\/wp-content\/uploads\/2023\/03\/grafica_etapa2_2023-480x238.jpg 480w\" sizes=\"(min-width: 0px) and (max-width: 480px) 480px, (min-width: 481px) and (max-width: 980px) 980px, (min-width: 981px) and (max-width: 1280px) 1280px, (min-width: 1281px) 1920px, 100vw\" \/><\/span><\/p>\n<p style=\"text-align: justify;\"><span style=\"color: #000000;\">Esta etapa la transcurriremos por las zonas boscosas de nuestras monta\u00f1as, atravesando fuentes y r\u00edos. Una vez bien despiertos iniciaremos la bajada desde la Mussara por las Tosques. Planeando por los senderos llegaron a la Font Major y al Albiol. Una vez pasamos por estos dos puntos claves de la ruta, seguiremos dos valles, el del r\u00edo Albiol de bajada y el del r\u00edo Glorieta de subida. A lo largo de esta remontada nos encontraremos con el Niu de l&#8217;\u00c0liga hasta llegar al refugio de Mont-ral.<\/span><\/p>\n<p>[\/et_pb_text][\/et_pb_column][\/et_pb_row][et_pb_row column_structure=\u00bb1_2,1_2&#8243; _builder_version=\u00bb4.16&#8243; background_size=\u00bbinitial\u00bb background_position=\u00bbtop_left\u00bb background_repeat=\u00bbrepeat\u00bb custom_padding=\u00bb46px|0px|27px|0px\u00bb global_colors_info=\u00bb{}\u00bb][et_pb_column type=\u00bb1_2&#8243; _builder_version=\u00bb4.16&#8243; custom_padding=\u00bb|||\u00bb global_colors_info=\u00bb{}\u00bb custom_padding__hover=\u00bb|||\u00bb][et_pb_text _builder_version=\u00bb4.20.1&#8243; global_colors_info=\u00bb{}\u00bb]<\/p>\n<p style=\"text-align: justify;\"><strong style=\"color: #000000; font-size: 14px; text-align: left;\">ETAPA 3: Mont-ral &#8211; Prades<\/strong><\/p>\n<p style=\"text-align: center;\"><span style=\"color: #000000;\">Distancia: 22km<br \/>Altura m\u00e1xima: 1198m Altura m\u00ednima: 704m Desnivel positivo: 1034m<br \/><\/span><\/p>\n<p style=\"text-align: justify;\"><span style=\"color: #000000;\"><img loading=\"lazy\" decoding=\"async\" class=\"wp-image-1749 alignnone size-full\" src=\"https:\/\/larutadelsrefugis.cat\/wp-content\/uploads\/2023\/03\/grafica_etapa3_2023.jpg\" alt=\"\" width=\"1920\" height=\"950\" srcset=\"https:\/\/larutadelsrefugis.cat\/wp-content\/uploads\/2023\/03\/grafica_etapa3_2023.jpg 1920w, https:\/\/larutadelsrefugis.cat\/wp-content\/uploads\/2023\/03\/grafica_etapa3_2023-1280x633.jpg 1280w, https:\/\/larutadelsrefugis.cat\/wp-content\/uploads\/2023\/03\/grafica_etapa3_2023-980x485.jpg 980w, https:\/\/larutadelsrefugis.cat\/wp-content\/uploads\/2023\/03\/grafica_etapa3_2023-480x238.jpg 480w\" sizes=\"(min-width: 0px) and (max-width: 480px) 480px, (min-width: 481px) and (max-width: 980px) 980px, (min-width: 981px) and (max-width: 1280px) 1280px, (min-width: 1281px) 1920px, 100vw\" \/><\/span><\/p>\n<p style=\"text-align: justify;\"><span style=\"color: #000000;\">Situados en la zona Norte del territorio, descubriremos la zona de mayor altura. Desde Mont-ral ascenderemos por la Foradada hasta encontrar el Pont de Goi. Momento que bajaremos por la Font de la Ll\u00fadriga hasta el pueblo de Capafonts, punto situado a medio camino de la tercera etapa. Desde aqu\u00ed, subiremos por los caminos serpenteantes de los encantadores bosques hasta la ermita de la Abellera y continuaremos la ascensi\u00f3n hasta el Tossal de la Baltasana, situado a 1023m. Una vez cautivados por las fant\u00e1sticas vistas, bajaremos ya hacia Prades, donde a pocos minutos del centro encontraremos el refugio del Camping de Prades.<\/span><\/p>\n<p>[\/et_pb_text][\/et_pb_column][et_pb_column type=\u00bb1_2&#8243; _builder_version=\u00bb4.16&#8243; custom_padding=\u00bb|||\u00bb global_colors_info=\u00bb{}\u00bb custom_padding__hover=\u00bb|||\u00bb][et_pb_text _builder_version=\u00bb4.20.1&#8243; global_colors_info=\u00bb{}\u00bb]<\/p>\n<p style=\"text-align: justify;\"><strong style=\"color: #000000; font-size: 14px;\">ETAPA 4:<\/strong><span style=\"font-size: 14px;\"><strong><span style=\"color: #000000;\"> P<\/span><\/strong><\/span><strong style=\"color: #000000; font-size: 14px;\">rades \u2013 Cornudella de Montsant.<\/strong><\/p>\n<p style=\"text-align: center;\"><span style=\"color: #000000;\">Distancia: 20km<\/span><br \/><span style=\"color: #000000;\">Altura m\u00e1xima: 1134m Altura m\u00ednima: 525m Desnivel positivo: 608m<\/span><\/p>\n<p style=\"text-align: justify;\"><span style=\"color: #000000;\"><img loading=\"lazy\" decoding=\"async\" class=\"wp-image-1746 alignnone size-full\" src=\"https:\/\/larutadelsrefugis.cat\/wp-content\/uploads\/2023\/03\/grafica_etapa4_2023.jpg\" alt=\"\" width=\"1920\" height=\"950\" srcset=\"https:\/\/larutadelsrefugis.cat\/wp-content\/uploads\/2023\/03\/grafica_etapa4_2023.jpg 1920w, https:\/\/larutadelsrefugis.cat\/wp-content\/uploads\/2023\/03\/grafica_etapa4_2023-1280x633.jpg 1280w, https:\/\/larutadelsrefugis.cat\/wp-content\/uploads\/2023\/03\/grafica_etapa4_2023-980x485.jpg 980w, https:\/\/larutadelsrefugis.cat\/wp-content\/uploads\/2023\/03\/grafica_etapa4_2023-480x238.jpg 480w\" sizes=\"(min-width: 0px) and (max-width: 480px) 480px, (min-width: 481px) and (max-width: 980px) 980px, (min-width: 981px) and (max-width: 1280px) 1280px, (min-width: 1281px) 1920px, 100vw\" \/><\/span><\/p>\n<p style=\"text-align: justify;\"><span style=\"color: #000000;\">La \u00faltima de las etapas es la m\u00e1s occidental. Recorreremos el Parque Natural de la Sierra de Montsant. El camino sube hasta el Pla de la guardia, donde volveremos a disfrutar de las impresionantes vistas. Por un camino m\u00e1s bien llano llegaremos al Grao d&#8217;en Saura, desde donde continuaremos hasta llegar al Mas d&#8217;En Lluc y remontaremos el valle hasta el peque\u00f1o pueblo de Albarca. Cuando dejaremos atr\u00e1s la villa emprenderemos el tramo final siguiendo el hist\u00f3rico Camino de los Cartujos, desde Sant Joan Petit hasta llegar a LoRefugi, punto final de la Ruta dels Refugis.<br \/><\/span><\/p>\n<p>[\/et_pb_text][\/et_pb_column][\/et_pb_row][et_pb_row _builder_version=\u00bb4.16&#8243; background_size=\u00bbinitial\u00bb background_position=\u00bbtop_left\u00bb background_repeat=\u00bbrepeat\u00bb custom_padding=\u00bb46px|0px|27px|0px\u00bb global_colors_info=\u00bb{}\u00bb][et_pb_column type=\u00bb4_4&#8243; _builder_version=\u00bb4.16&#8243; custom_padding=\u00bb|||\u00bb global_colors_info=\u00bb{}\u00bb custom_padding__hover=\u00bb|||\u00bb][et_pb_text _builder_version=\u00bb4.16&#8243; global_colors_info=\u00bb{}\u00bb]<\/p>\n<p style=\"text-align: center;\"><span style=\"color: #999999;\"><em><span style=\"color: #000000;\">Los deportes de monta\u00f1a son potencialmente peligrosos. Recomendamos extremar las precauciones a la hora de practicarlos y no nos hacemos responsables de los posibles accidentes que puedan tener las personas mientras los practican influenciados por el contenido de esta web.<\/span><\/em><\/span><\/p>\n<p>[\/et_pb_text][\/et_pb_column][\/et_pb_row][\/et_pb_section]<\/p>\n<span class=\"et_bloom_bottom_trigger\"><\/span>","protected":false},"excerpt":{"rendered":"<p>Las posibilidades de realizar este itinerario son muy extensas. La ruta, dividida en cuatro etapas consecutivas, ofrece diferentes versiones seg\u00fan la conveniencia del visitante. Se puede realizar de forma seguida a lo largo de 4 d\u00edas, donde cada noche la pasar\u00e1 en un refugio diferente: LoRefugi, La Mussara, Mont-Ral y Prades Park. DESCRIPCI\u00d3N DE LAS [&hellip;]<\/p>\n","protected":false},"author":2,"featured_media":1630,"parent":0,"menu_order":0,"comment_status":"closed","ping_status":"closed","template":"","meta":{"_et_pb_use_builder":"on","_et_pb_old_content":"","_et_gb_content_width":"","_glsr_average":0,"_glsr_ranking":0,"_glsr_reviews":0,"footnotes":""},"class_list":["post-1871","page","type-page","status-publish","has-post-thumbnail","hentry"],"_links":{"self":[{"href":"https:\/\/larutadelsrefugis.cat\/es\/wp-json\/wp\/v2\/pages\/1871","targetHints":{"allow":["GET"]}}],"collection":[{"href":"https:\/\/larutadelsrefugis.cat\/es\/wp-json\/wp\/v2\/pages"}],"about":[{"href":"https:\/\/larutadelsrefugis.cat\/es\/wp-json\/wp\/v2\/types\/page"}],"author":[{"embeddable":true,"href":"https:\/\/larutadelsrefugis.cat\/es\/wp-json\/wp\/v2\/users\/2"}],"replies":[{"embeddable":true,"href":"https:\/\/larutadelsrefugis.cat\/es\/wp-json\/wp\/v2\/comments?post=1871"}],"version-history":[{"count":6,"href":"https:\/\/larutadelsrefugis.cat\/es\/wp-json\/wp\/v2\/pages\/1871\/revisions"}],"predecessor-version":[{"id":1881,"href":"https:\/\/larutadelsrefugis.cat\/es\/wp-json\/wp\/v2\/pages\/1871\/revisions\/1881"}],"wp:featuredmedia":[{"embeddable":true,"href":"https:\/\/larutadelsrefugis.cat\/es\/wp-json\/wp\/v2\/media\/1630"}],"wp:attachment":[{"href":"https:\/\/larutadelsrefugis.cat\/es\/wp-json\/wp\/v2\/media?parent=1871"}],"curies":[{"name":"wp","href":"https:\/\/api.w.org\/{rel}","templated":true}]}}