{"id":1883,"date":"2015-12-20T12:44:01","date_gmt":"2015-12-20T10:44:01","guid":{"rendered":"https:\/\/larutadelsrefugis.cat\/territorio\/"},"modified":"2023-04-11T10:26:40","modified_gmt":"2023-04-11T08:26:40","slug":"territorio","status":"publish","type":"page","link":"https:\/\/larutadelsrefugis.cat\/es\/territorio\/","title":{"rendered":"TERRITORIO"},"content":{"rendered":"<p>[et_pb_section fb_built=\u00bb1&#8243; fullwidth=\u00bbon\u00bb _builder_version=\u00bb4.16&#8243; global_colors_info=\u00bb{}\u00bb][et_pb_fullwidth_post_title title=\u00bboff\u00bb meta=\u00bboff\u00bb featured_placement=\u00bbbackground\u00bb _builder_version=\u00bb4.16&#8243; custom_padding=\u00bb400px|||\u00bb parallax_effect=\u00bboff\u00bb global_colors_info=\u00bb{}\u00bb][\/et_pb_fullwidth_post_title][et_pb_fullwidth_post_title meta=\u00bboff\u00bb featured_image=\u00bboff\u00bb _builder_version=\u00bb4.16&#8243; title_font=\u00bbAbel||||\u00bb title_font_size=\u00bb40px\u00bb parallax=\u00bbon\u00bb custom_padding=\u00bb4%|||\u00bb parallax_effect=\u00bbon\u00bb border_style=\u00bbsolid\u00bb global_colors_info=\u00bb{}\u00bb][\/et_pb_fullwidth_post_title][\/et_pb_section][et_pb_section fb_built=\u00bb1&#8243; _builder_version=\u00bb4.16&#8243; background_color=\u00bbrgba(255,255,255,0)\u00bb custom_padding=\u00bb0px|0px|54px|0px\u00bb transparent_background=\u00bbon\u00bb global_colors_info=\u00bb{}\u00bb][et_pb_row column_structure=\u00bb1_2,1_2&#8243; use_custom_gutter=\u00bbon\u00bb gutter_width=\u00bb4&#8243; module_class=\u00bb et_pb_row_fullwidth\u00bb _builder_version=\u00bb4.16&#8243; background_size=\u00bbinitial\u00bb background_position=\u00bbtop_left\u00bb background_repeat=\u00bbrepeat\u00bb width=\u00bb86%\u00bb width_tablet=\u00bb80%\u00bb width_phone=\u00bb80%\u00bb width_last_edited=\u00bbon|desktop\u00bb max_width=\u00bb86%\u00bb max_width_tablet=\u00bb80%\u00bb max_width_phone=\u00bb80%\u00bb max_width_last_edited=\u00bbon|desktop\u00bb make_fullwidth=\u00bbon\u00bb global_colors_info=\u00bb{}\u00bb][et_pb_column type=\u00bb1_2&#8243; _builder_version=\u00bb4.16&#8243; custom_padding=\u00bb|||\u00bb global_colors_info=\u00bb{}\u00bb custom_padding__hover=\u00bb|||\u00bb][et_pb_text _builder_version=\u00bb4.16&#8243; module_alignment=\u00bbleft\u00bb border_style=\u00bbsolid\u00bb global_colors_info=\u00bb{}\u00bb]<\/p>\n<p style=\"text-align: justify;\"><span style=\"color: #000000;\">En uno de los territorios m\u00e1s bonitos y puros de Catalu\u00f1a, el comprendido entre el Parque Natural de la Sierra de Montsant y las Monta\u00f1as de Prades, encontramos <em><strong>La Ruta dels Refugis<\/strong><\/em>, un itinerario insoslayable para todos los amantes de la aventura, la naturaleza, la historia y las vistas; caminos que serpentean entre bosques, antiqu\u00edsimos campos de olivos y vi\u00f1edos tan profundamente arraigados en remoto mineral.<\/span><\/p>\n<p style=\"text-align: justify;\"><span style=\"color: #000000;\">Nos encontramos junto a la incomparable <strong>Costa Daurada<\/strong> , marco emblem\u00e1tico del mediterr\u00e1neo donde disfrutamos del clima suave y benigno que ya sedujo al Imperio Romano. Es una zona cargada de patrimonio cultural, hist\u00f3rico y natural con una amplia oferta de ocio y actividades al aire libre entre paisajes de gran belleza. Cultura, historia, naturaleza\u2026 y gastronom\u00eda, como v\u00e9rtice de una tierra rica y llena de vida.<\/span><\/p>\n<p style=\"text-align: justify;\"><span style=\"color: #000000;\">Desde la capital de la comarca del Baix Camp divisamos y accedemos al paraje natural de las Monta\u00f1as de Prades, llenos de sorprendentes lugares que nos transmiten tranquilidad y armon\u00eda. Es un macizo que se alza majestuoso entre la Conca de Barber\u00e0 y la cubeta del Priorat.<\/span><\/p>\n<p style=\"text-align: justify;\"><span style=\"color: #000000;\">Adentr\u00e1ndonos hacia el interior del territorio catal\u00e1n, encontramos el <strong>Priorat,<\/strong> comarca formada por veintitr\u00e9s municipios, con capital en Falset. Se sit\u00faa en el l\u00edmite Norte Oeste de la cordillera Prelitoral de la que forma parte la Sierra de Prades que se abre en direcci\u00f3n a la sierra de Llaberia separando la comarca.<\/span><\/p>\n<p style=\"text-align: justify;\"><span style=\"color: #000000;\">Es aqu\u00ed donde destacan las dos denominaciones de origen de vino que dan renombre al territorio: la DOQ Priorat y la DO Montsant.<\/span><\/p>\n<p style=\"text-align: justify;\"><span style=\"color: #000000;\">El Parque Natural del <strong>Montsant<\/strong> , es una sierra de gran simbolismo en las comarcas tarraconenses. Su impactante orograf\u00eda, amurallada por riscales y roquedales de conglomerados oligoc\u00e9nicos, muestra la huella de la actividad humana ligada a un importante patrimonio natural, que re\u00fane una elevada diversidad biol\u00f3gica. Es un sitio ideal para actividades de naturaleza, senderismo, fotograf\u00eda, etc.<\/span><\/p>\n<p style=\"text-align: justify;\"><span style=\"color: #000000;\">Todos los pueblos que hay esparcidos por el territorio son interesantes ya que esconden historias y leyendas. La ruta dels refugis descubre los lugares m\u00e1s bellos de los pueblos; bajo los pies del macizo, Cornudella de Montsant, Albarca comarca adentro, entre la solana y la umbr\u00eda de la monta\u00f1a, de origen musulm\u00e1n, Siurana, donde destaca el \u00e1bside rom\u00e1nico de su iglesia. La Mussara, tambi\u00e9n de origen \u00e1rabe, actualmente despoblado y que se encuentra en medio de las Monta\u00f1as de Prades. La impresionante vista destapa el sur del Camp de Tarragona, con vistas al mar Mediterr\u00e1neo o Mont-ral, situado en la comarca del Alt Camp, lo encontramos en el extremo occidental de la comarca, en la vertiente oriental de estas monta\u00f1as .<\/span><\/p>\n<p style=\"text-align: justify;\"><span style=\"color: #000000;\"> <\/span><\/p>\n<p>[\/et_pb_text][\/et_pb_column][et_pb_column type=\u00bb1_2&#8243; _builder_version=\u00bb4.16&#8243; custom_padding=\u00bb|||\u00bb global_colors_info=\u00bb{}\u00bb custom_padding__hover=\u00bb|||\u00bb][et_pb_gallery gallery_ids=\u00bb1676,1674,1700,1698,1692,1682,1686,1672,1666,1664&#8243; gallery_orderby=\u00bbrand\u00bb fullwidth=\u00bbon\u00bb _builder_version=\u00bb4.16&#8243; pagination_font_size_tablet=\u00bb51&#8243; pagination_line_height_tablet=\u00bb2&#8243; global_colors_info=\u00bb{}\u00bb][\/et_pb_gallery][\/et_pb_column][\/et_pb_row][\/et_pb_section]<\/p>\n<span class=\"et_bloom_bottom_trigger\"><\/span>","protected":false},"excerpt":{"rendered":"<p>En uno de los territorios m\u00e1s bonitos y puros de Catalu\u00f1a, el comprendido entre el Parque Natural de la Sierra de Montsant y las Monta\u00f1as de Prades, encontramos La Ruta dels Refugis, un itinerario insoslayable para todos los amantes de la aventura, la naturaleza, la historia y las vistas; caminos que serpentean entre bosques, antiqu\u00edsimos [&hellip;]<\/p>\n","protected":false},"author":2,"featured_media":1624,"parent":0,"menu_order":0,"comment_status":"closed","ping_status":"closed","template":"","meta":{"_et_pb_use_builder":"on","_et_pb_old_content":"<p style=\"text-align: justify;\"><img class=\"alignnone wp-image-320 size-full\" src=\"http:\/\/larutadelsrefugis.cat\/wp-content\/uploads\/2015\/12\/ruta_refugis_4.jpg\" alt=\"ruta_refugis_4\" width=\"1024\" height=\"553\" \/><\/p><p style=\"text-align: justify;\"><span style=\"color: #000000;\">En un dels territoris m\u00e9s bonics i purs de Catalunya, el compr\u00e8s entre el Parc Natural de la Serra de Montsant i les Muntanyes de Prades, hi trobem\u00a0<em><strong>La Ruta dels Refugis<\/strong><\/em>, un itinerari indefugible per a tots els amants de l\u2019aventura, la naturalesa, la hist\u00f2ria i les vistes; camins que serpentegen entre boscos, antiqu\u00edssims camps d\u2019oliveres i vinyes tan profundament arrelades en remot mineral.<\/span><\/p><p style=\"text-align: justify;\"><span style=\"color: #000000;\">Ens trobem a tocar de la incomparable\u00a0<strong>Costa Daurada<\/strong>, marc emblem\u00e0tic de la mediterr\u00e0nia on gaudim del clima suau i benigne que ja va seduir l\u2019Imperi Rom\u00e0. \u00c9s una zona carregada de patrimoni cultural, hist\u00f2ric i natural amb una gran oferta d\u2019oci i activitats a l\u2019aire lliure entre paisatges de gran bellesa. Cultura,\u00a0 hist\u00f2ria, natura\u2026 i \u00a0gastronomia, com a v\u00e8rtex d\u2019una terra rica i plena de vida.<\/span><\/p><p style=\"text-align: justify;\"><span style=\"color: #000000;\">Des de la capital de la comarca del Baix Camp albirem i accedim al paratge natural de les Muntanyes de Prades, plens de sorprenents indrets que ens transmeten tranquil\u00b7litat i harmonia. \u00c9s un mass\u00eds que s\u2019al\u00e7a majestu\u00f3s entre la Conca de Barber\u00e0 i la cubeta del Priorat.<\/span><\/p><p style=\"text-align: justify;\"><span style=\"color: #000000;\">Endinsant-nos cap a l\u2019interior del territori catal\u00e0, trobem el\u00a0<strong>Priorat,<\/strong>\u00a0comarca formada per vint-i-tres municipis, amb capital a Falset. Se situa al l\u00edmit Nord Oest de la serralada Prelitoral de la qual en forma part la Serra de Prades que s\u2019obre en direcci\u00f3 a la serra de Llaberia separant la comarca.<\/span><\/p><p style=\"text-align: justify;\"><span style=\"color: #000000;\">\u00c9s aqu\u00ed on destaquen les dues denominacions d\u2019origen de vi que donen renom al territori: la DOQ Priorat i la DO Montsant.<\/span><\/p><p style=\"text-align: justify;\"><span style=\"color: #000000;\">El Parc Natural del\u00a0<strong>Montsant<\/strong>, \u00e9s una serra de gran simbolisme a les comarques tarragonines. La seva impactant orografia, emmurallada per cingleres i roquissars de conglomerats oligoc\u00e8nics, mostra la petjada de l\u2019activitat humana lligada a un important patrimoni natural, que aplega una elevada diversitat biol\u00f2gica. \u00c9s un indret ideal per a activitats de natura, senderisme, fotografia, etc.<\/span><\/p><p style=\"text-align: justify;\"><span style=\"color: #000000;\">Tots els pobles que hi ha escampats pel territori s\u00f3n interessants ja que amaguen hist\u00f2ries i llegendes. La ruta de refugis descobreix els indrets m\u00e9s bonics dels pobles; sota els peus del mass\u00eds, Cornudella de Montsant, Albarca comarca endins, entre la solana i l\u2019obaga de la muntanya, d\u2019origen musulm\u00e0, Siurana, on destaca l\u2019absis rom\u00e0nic de la seva esgl\u00e9sia. La Mussara, tamb\u00e9 d\u2019origen \u00e0rab, actualment despoblat i que es troba al bell mig de les Muntanyes de Prades. La impressionant vista destapa el sud del Camp de Tarragona, amb vistes al mar Mediterrani o Mont-ral, situat a la comarca de l\u2019Alt Camp, el trobem a l\u2019extrem occidental de la comarca, a la vessant oriental d\u2019aquestes muntanyes.<\/span><\/p><p style=\"text-align: justify;\"><span style=\"color: #000000;\">\u00a0<\/span><\/p>","_et_gb_content_width":"","_glsr_average":0,"_glsr_ranking":0,"_glsr_reviews":0,"footnotes":""},"class_list":["post-1883","page","type-page","status-publish","has-post-thumbnail","hentry"],"_links":{"self":[{"href":"https:\/\/larutadelsrefugis.cat\/es\/wp-json\/wp\/v2\/pages\/1883","targetHints":{"allow":["GET"]}}],"collection":[{"href":"https:\/\/larutadelsrefugis.cat\/es\/wp-json\/wp\/v2\/pages"}],"about":[{"href":"https:\/\/larutadelsrefugis.cat\/es\/wp-json\/wp\/v2\/types\/page"}],"author":[{"embeddable":true,"href":"https:\/\/larutadelsrefugis.cat\/es\/wp-json\/wp\/v2\/users\/2"}],"replies":[{"embeddable":true,"href":"https:\/\/larutadelsrefugis.cat\/es\/wp-json\/wp\/v2\/comments?post=1883"}],"version-history":[{"count":9,"href":"https:\/\/larutadelsrefugis.cat\/es\/wp-json\/wp\/v2\/pages\/1883\/revisions"}],"predecessor-version":[{"id":1893,"href":"https:\/\/larutadelsrefugis.cat\/es\/wp-json\/wp\/v2\/pages\/1883\/revisions\/1893"}],"wp:featuredmedia":[{"embeddable":true,"href":"https:\/\/larutadelsrefugis.cat\/es\/wp-json\/wp\/v2\/media\/1624"}],"wp:attachment":[{"href":"https:\/\/larutadelsrefugis.cat\/es\/wp-json\/wp\/v2\/media?parent=1883"}],"curies":[{"name":"wp","href":"https:\/\/api.w.org\/{rel}","templated":true}]}}