{"id":1917,"date":"2015-12-20T12:42:25","date_gmt":"2015-12-20T10:42:25","guid":{"rendered":"https:\/\/larutadelsrefugis.cat\/boletin\/"},"modified":"2025-02-27T10:52:07","modified_gmt":"2025-02-27T08:52:07","slug":"boletin","status":"publish","type":"page","link":"https:\/\/larutadelsrefugis.cat\/es\/boletin\/","title":{"rendered":"Bolet\u00edn"},"content":{"rendered":"<p>[et_pb_section fb_built=\u00bb1&#8243; _builder_version=\u00bb4.16&#8243; global_colors_info=\u00bb{}\u00bb][et_pb_row _builder_version=\u00bb4.16&#8243; background_size=\u00bbinitial\u00bb background_position=\u00bbtop_left\u00bb background_repeat=\u00bbrepeat\u00bb global_colors_info=\u00bb{}\u00bb][et_pb_column type=\u00bb4_4&#8243; _builder_version=\u00bb4.16&#8243; custom_padding=\u00bb|||\u00bb global_colors_info=\u00bb{}\u00bb custom_padding__hover=\u00bb|||\u00bb][et_pb_text _builder_version=\u00bb4.17.3&#8243; background_size=\u00bbinitial\u00bb background_position=\u00bbtop_left\u00bb background_repeat=\u00bbrepeat\u00bb global_colors_info=\u00bb{}\u00bb]<\/p>\n<p style=\"text-align: justify;\"><span style=\"color: #000000;\">Si quieres estar informado de todo lo que pasa en esta gran aventura, no dudes en llenar y enviarnos la siguiente informaci\u00f3n para hacerle llegar nuestro bolet\u00edn actualizado: le comunicaremos las novedades que se realicen a lo largo del a\u00f1o .<\/span><\/p>\n<p style=\"text-align: justify;\"><span style=\"color: #000000;\">\u00a1La diversi\u00f3n, emoci\u00f3n y aventura nos espera!<\/span><\/p>\n<p>[\/et_pb_text][\/et_pb_column][\/et_pb_row][et_pb_row _builder_version=\u00bb4.17.3&#8243; _module_preset=\u00bbdefault\u00bb global_colors_info=\u00bb{}\u00bb][et_pb_column type=\u00bb4_4&#8243; _builder_version=\u00bb4.17.3&#8243; _module_preset=\u00bbdefault\u00bb global_colors_info=\u00bb{}\u00bb][et_pb_code _builder_version=\u00bb4.27.4&#8243; _module_preset=\u00bbdefault\u00bb hover_enabled=\u00bb0&#8243; global_colors_info=\u00bb{}\u00bb sticky_enabled=\u00bb0&#8243;]<iframe data-skip-lazy=\"\" src=\"https:\/\/larutadelsrefugis1.ipzmarketing.com\/f\/NyJue0lzM-U\" frameborder=\"0\" scrolling=\"no\" width=\"100%\" class=\"ipz-iframe\"><\/iframe><!-- [et_pb_line_break_holder] --><script data-cfasync=\"false\" type=\"text\/javascript\" src=\"https:\/\/assets.ipzmarketing.com\/assets\/signup_form\/iframe_v1.js\"><\/script>[\/et_pb_code][\/et_pb_column][\/et_pb_row][\/et_pb_section]<\/p>\n<span class=\"et_bloom_bottom_trigger\"><\/span>","protected":false},"excerpt":{"rendered":"<p>Si quieres estar informado de todo lo que pasa en esta gran aventura, no dudes en llenar y enviarnos la siguiente informaci\u00f3n para hacerle llegar nuestro bolet\u00edn actualizado: le comunicaremos las novedades que se realicen a lo largo del a\u00f1o . \u00a1La diversi\u00f3n, emoci\u00f3n y aventura nos espera!<\/p>\n","protected":false},"author":2,"featured_media":0,"parent":0,"menu_order":0,"comment_status":"closed","ping_status":"closed","template":"","meta":{"_et_pb_use_builder":"on","_et_pb_old_content":"","_et_gb_content_width":"","_glsr_average":0,"_glsr_ranking":0,"_glsr_reviews":0,"footnotes":""},"class_list":["post-1917","page","type-page","status-publish","hentry"],"_links":{"self":[{"href":"https:\/\/larutadelsrefugis.cat\/es\/wp-json\/wp\/v2\/pages\/1917","targetHints":{"allow":["GET"]}}],"collection":[{"href":"https:\/\/larutadelsrefugis.cat\/es\/wp-json\/wp\/v2\/pages"}],"about":[{"href":"https:\/\/larutadelsrefugis.cat\/es\/wp-json\/wp\/v2\/types\/page"}],"author":[{"embeddable":true,"href":"https:\/\/larutadelsrefugis.cat\/es\/wp-json\/wp\/v2\/users\/2"}],"replies":[{"embeddable":true,"href":"https:\/\/larutadelsrefugis.cat\/es\/wp-json\/wp\/v2\/comments?post=1917"}],"version-history":[{"count":8,"href":"https:\/\/larutadelsrefugis.cat\/es\/wp-json\/wp\/v2\/pages\/1917\/revisions"}],"predecessor-version":[{"id":2207,"href":"https:\/\/larutadelsrefugis.cat\/es\/wp-json\/wp\/v2\/pages\/1917\/revisions\/2207"}],"wp:attachment":[{"href":"https:\/\/larutadelsrefugis.cat\/es\/wp-json\/wp\/v2\/media?parent=1917"}],"curies":[{"name":"wp","href":"https:\/\/api.w.org\/{rel}","templated":true}]}}